{"id":190,"date":"2026-03-27T19:33:53","date_gmt":"2026-03-27T19:33:53","guid":{"rendered":"https:\/\/sakree.fr\/?page_id=190"},"modified":"2026-03-28T17:40:44","modified_gmt":"2026-03-28T17:40:44","slug":"about","status":"publish","type":"page","link":"https:\/\/sakree.fr\/?page_id=190","title":{"rendered":"About"},"content":{"rendered":"\t\t<div data-elementor-type=\"wp-page\" data-elementor-id=\"190\" class=\"elementor elementor-190\" data-elementor-post-type=\"page\">\n\t\t\t\t<div class=\"elementor-element elementor-element-6411087 e-flex e-con-boxed e-con e-parent\" data-id=\"6411087\" data-element_type=\"container\" data-e-type=\"container\">\n\t\t\t\t\t<div class=\"e-con-inner\">\n\t\t\t\t<div class=\"elementor-element elementor-element-bc2c0bf elementor-widget elementor-widget-image\" data-id=\"bc2c0bf\" data-element_type=\"widget\" data-e-type=\"widget\" data-widget_type=\"image.default\">\n\t\t\t\t\t\t\t\t\t\t\t\t\t\t\t<img fetchpriority=\"high\" decoding=\"async\" width=\"800\" height=\"450\" src=\"https:\/\/sakree.fr\/wp-content\/uploads\/2026\/03\/Sans-titre-27-mars-2026-23.48.03-1024x576.png\" class=\"attachment-large size-large wp-image-206\" alt=\"\" srcset=\"https:\/\/sakree.fr\/wp-content\/uploads\/2026\/03\/Sans-titre-27-mars-2026-23.48.03-1024x576.png 1024w, https:\/\/sakree.fr\/wp-content\/uploads\/2026\/03\/Sans-titre-27-mars-2026-23.48.03-300x169.png 300w, https:\/\/sakree.fr\/wp-content\/uploads\/2026\/03\/Sans-titre-27-mars-2026-23.48.03-768x432.png 768w, https:\/\/sakree.fr\/wp-content\/uploads\/2026\/03\/Sans-titre-27-mars-2026-23.48.03-1536x864.png 1536w, https:\/\/sakree.fr\/wp-content\/uploads\/2026\/03\/Sans-titre-27-mars-2026-23.48.03-600x338.png 600w, https:\/\/sakree.fr\/wp-content\/uploads\/2026\/03\/Sans-titre-27-mars-2026-23.48.03.png 1920w\" sizes=\"(max-width: 800px) 100vw, 800px\" \/>\t\t\t\t\t\t\t\t\t\t\t\t\t\t\t<\/div>\n\t\t\t\t\t<\/div>\n\t\t\t\t<\/div>\n\t\t<div class=\"elementor-element elementor-element-92b2ac7 e-flex e-con-boxed e-con e-parent\" data-id=\"92b2ac7\" data-element_type=\"container\" data-e-type=\"container\">\n\t\t\t\t\t<div class=\"e-con-inner\">\n\t\t<div class=\"elementor-element elementor-element-79ab0e4 e-con-full e-flex e-con e-child\" data-id=\"79ab0e4\" data-element_type=\"container\" data-e-type=\"container\">\n\t\t\t\t<div class=\"elementor-element elementor-element-af4973a elementor-widget elementor-widget-heading\" data-id=\"af4973a\" data-element_type=\"widget\" data-e-type=\"widget\" data-widget_type=\"heading.default\">\n\t\t\t\t\t<h2 class=\"elementor-heading-title elementor-size-default\">Hello !<\/h2>\t\t\t\t<\/div>\n\t\t\t\t<div class=\"elementor-element elementor-element-cc87e1d elementor-widget elementor-widget-text-editor\" data-id=\"cc87e1d\" data-element_type=\"widget\" data-e-type=\"widget\" data-widget_type=\"text-editor.default\">\n\t\t\t\t\t\t\t\t\t<p class=\"p1\">Moi, c\u2019est Sarah.<\/p>\n<p class=\"p1\">Mon truc \u00e0 moi ? La couleur qui claque, celle qui r\u00e9veille un mur blanc ou une paire de baskets oubli\u00e9e au fond du placard (je pr\u00e9f\u00e8re quand m\u00eame travailler sur des paires neuves hein). \u00c0 travers <b>Sakr\u00e9e<\/b>, je transforme le quotidien en terrain de jeu visuel.<\/p>\n<p class=\"p1\">Pourquoi \u00ab Sakr\u00e9e \u00bb ?&nbsp;<\/p>\n<p class=\"p1\">Parce que je crois que chaque objet, chaque vitrine et chaque tableau a une \u00e2me qui m\u00e9rite d&rsquo;\u00eatre r\u00e9v\u00e9l\u00e9e. Que ce soit sur le cuir d&rsquo;une chaussure, le verre d&rsquo;une boutique ou le grain d&rsquo;un papier d&rsquo;art, mon objectif est le m\u00eame : apporter du <b>fun<\/b>, de l&rsquo;<b>audace<\/b> et une bonne dose d&rsquo;<b>\u00e9nergie<\/b>.<\/p>\n<p class=\"p1\">Apr\u00e8s avoir explor\u00e9 le design graphique et le custom, je lance aujourd&rsquo;hui ma boutique en ligne pour partager avec vous mes affiches en \u00e9dition limit\u00e9e. Ici, on ne fait pas dans la demi-mesure : on ose les contrastes, on vibre avec les couleurs et on essaie pleins de trucs qui me font kiffer \ud83d\ude42<\/p>\t\t\t\t\t\t\t\t<\/div>\n\t\t\t\t<\/div>\n\t\t<div class=\"elementor-element elementor-element-694a7ee e-con-full e-flex e-con e-child\" data-id=\"694a7ee\" data-element_type=\"container\" data-e-type=\"container\">\n\t\t\t\t<div class=\"elementor-element elementor-element-a276e73 elementor-widget elementor-widget-image\" data-id=\"a276e73\" data-element_type=\"widget\" data-e-type=\"widget\" data-widget_type=\"image.default\">\n\t\t\t\t\t\t\t\t\t\t\t\t\t\t\t<img decoding=\"async\" width=\"425\" height=\"739\" src=\"https:\/\/sakree.fr\/wp-content\/uploads\/2026\/03\/1000015440-e1774641240236.jpg\" class=\"attachment-large size-large wp-image-193\" alt=\"\" srcset=\"https:\/\/sakree.fr\/wp-content\/uploads\/2026\/03\/1000015440-e1774641240236.jpg 425w, https:\/\/sakree.fr\/wp-content\/uploads\/2026\/03\/1000015440-e1774641240236-173x300.jpg 173w\" sizes=\"(max-width: 425px) 100vw, 425px\" \/>\t\t\t\t\t\t\t\t\t\t\t\t\t\t\t<\/div>\n\t\t\t\t<\/div>\n\t\t<div class=\"elementor-element elementor-element-efada3f e-con-full e-flex e-con e-child\" data-id=\"efada3f\" data-element_type=\"container\" data-e-type=\"container\">\n\t\t\t\t<div class=\"elementor-element elementor-element-ecbf6fb elementor-widget elementor-widget-image\" data-id=\"ecbf6fb\" data-element_type=\"widget\" data-e-type=\"widget\" data-settings=\"{&quot;motion_fx_motion_fx_scrolling&quot;:&quot;yes&quot;,&quot;motion_fx_translateY_effect&quot;:&quot;yes&quot;,&quot;motion_fx_translateY_speed&quot;:{&quot;unit&quot;:&quot;px&quot;,&quot;size&quot;:6.7,&quot;sizes&quot;:[]},&quot;motion_fx_translateY_affectedRange&quot;:{&quot;unit&quot;:&quot;%&quot;,&quot;size&quot;:&quot;&quot;,&quot;sizes&quot;:{&quot;start&quot;:0,&quot;end&quot;:100}},&quot;motion_fx_devices&quot;:[&quot;desktop&quot;,&quot;tablet&quot;,&quot;mobile&quot;]}\" data-widget_type=\"image.default\">\n\t\t\t\t\t\t\t\t\t\t\t\t\t\t\t<img decoding=\"async\" width=\"800\" height=\"365\" src=\"https:\/\/sakree.fr\/wp-content\/uploads\/2026\/03\/Sans-titre-27-mars-2026-20.54.43-1024x467.png\" class=\"attachment-large size-large wp-image-194\" alt=\"\" srcset=\"https:\/\/sakree.fr\/wp-content\/uploads\/2026\/03\/Sans-titre-27-mars-2026-20.54.43-1024x467.png 1024w, https:\/\/sakree.fr\/wp-content\/uploads\/2026\/03\/Sans-titre-27-mars-2026-20.54.43-300x137.png 300w, https:\/\/sakree.fr\/wp-content\/uploads\/2026\/03\/Sans-titre-27-mars-2026-20.54.43-768x350.png 768w, https:\/\/sakree.fr\/wp-content\/uploads\/2026\/03\/Sans-titre-27-mars-2026-20.54.43-600x273.png 600w, https:\/\/sakree.fr\/wp-content\/uploads\/2026\/03\/Sans-titre-27-mars-2026-20.54.43.png 1536w\" sizes=\"(max-width: 800px) 100vw, 800px\" \/>\t\t\t\t\t\t\t\t\t\t\t\t\t\t\t<\/div>\n\t\t\t\t<\/div>\n\t\t<div class=\"elementor-element elementor-element-f41110e e-con-full e-flex e-con e-child\" data-id=\"f41110e\" data-element_type=\"container\" data-e-type=\"container\">\n\t\t\t\t<div class=\"elementor-element elementor-element-2f9e163 elementor-widget elementor-widget-heading\" data-id=\"2f9e163\" data-element_type=\"widget\" data-e-type=\"widget\" data-widget_type=\"heading.default\">\n\t\t\t\t\t<h2 class=\"elementor-heading-title elementor-size-default\">Me contacter<\/h2>\t\t\t\t<\/div>\n\t\t\t\t<div class=\"elementor-element elementor-element-4e0ce26 elementor-widget elementor-widget-text-editor\" data-id=\"4e0ce26\" data-element_type=\"widget\" data-e-type=\"widget\" data-widget_type=\"text-editor.default\">\n\t\t\t\t\t\t\t\t\t<p>contact@sakree.fr<\/p>\t\t\t\t\t\t\t\t<\/div>\n\t\t\t\t<\/div>\n\t\t\t\t\t<\/div>\n\t\t\t\t<\/div>\n\t\t\t\t<\/div>\n\t\t","protected":false},"excerpt":{"rendered":"<p>Hello ! Moi, c\u2019est Sarah. Mon truc \u00e0 moi ? La couleur qui claque, celle qui r\u00e9veille un mur blanc ou une paire de baskets oubli\u00e9e au fond du placard (je pr\u00e9f\u00e8re quand m\u00eame travailler sur des paires neuves hein). \u00c0 travers Sakr\u00e9e, je transforme le quotidien en terrain de jeu visuel. Pourquoi \u00ab Sakr\u00e9e [&hellip;]<\/p>\n","protected":false},"author":1,"featured_media":0,"parent":0,"menu_order":0,"comment_status":"closed","ping_status":"closed","template":"","meta":{"footnotes":""},"class_list":["post-190","page","type-page","status-publish","hentry"],"_links":{"self":[{"href":"https:\/\/sakree.fr\/index.php?rest_route=\/wp\/v2\/pages\/190","targetHints":{"allow":["GET"]}}],"collection":[{"href":"https:\/\/sakree.fr\/index.php?rest_route=\/wp\/v2\/pages"}],"about":[{"href":"https:\/\/sakree.fr\/index.php?rest_route=\/wp\/v2\/types\/page"}],"author":[{"embeddable":true,"href":"https:\/\/sakree.fr\/index.php?rest_route=\/wp\/v2\/users\/1"}],"replies":[{"embeddable":true,"href":"https:\/\/sakree.fr\/index.php?rest_route=%2Fwp%2Fv2%2Fcomments&post=190"}],"version-history":[{"count":16,"href":"https:\/\/sakree.fr\/index.php?rest_route=\/wp\/v2\/pages\/190\/revisions"}],"predecessor-version":[{"id":212,"href":"https:\/\/sakree.fr\/index.php?rest_route=\/wp\/v2\/pages\/190\/revisions\/212"}],"wp:attachment":[{"href":"https:\/\/sakree.fr\/index.php?rest_route=%2Fwp%2Fv2%2Fmedia&parent=190"}],"curies":[{"name":"wp","href":"https:\/\/api.w.org\/{rel}","templated":true}]}}